{"id":29263,"date":"2024-07-02T03:53:00","date_gmt":"2024-07-02T08:53:00","guid":{"rendered":"https:\/\/jo-well.com\/la-perchera\/"},"modified":"2024-07-26T10:16:57","modified_gmt":"2024-07-26T15:16:57","slug":"la-perchera","status":"publish","type":"page","link":"https:\/\/jo-well.com\/es\/cuidado\/la-perchera\/","title":{"rendered":"LA PERCHERA"},"content":{"rendered":"<p>[et_pb_section fb_built=\u00bb1&#8243; _builder_version=\u00bb4.25.2&#8243; _module_preset=\u00bbdefault\u00bb background_color=\u00bb#fcb394&#8243; global_colors_info=\u00bb{}\u00bb][et_pb_row column_structure=\u00bb1_3,1_3,1_3&#8243; _builder_version=\u00bb4.25.2&#8243; _module_preset=\u00bbdefault\u00bb global_colors_info=\u00bb{}\u00bb][et_pb_column type=\u00bb1_3&#8243; _builder_version=\u00bb4.25.2&#8243; _module_preset=\u00bbdefault\u00bb global_colors_info=\u00bb{}\u00bb][et_pb_image src=\u00bbhttps:\/\/jo-well.com\/wp-content\/uploads\/2024\/06\/Soins-energetiques-quantiques-et-vibratoires.tiff\u00bb title_text=\u00bbTratamientos energ\u00e9ticos, cu\u00e1nticos y vibracionales\u00bb align=\u00bbcenter\u00bb _builder_version=\u00bb4.25.2&#8243; _module_preset=\u00bbdefault\u00bb max_height=\u00bb488px\u00bb border_radii=\u00bbon|300px|300px|300px|300px\u00bb global_colors_info=\u00bb{}\u00bb][\/et_pb_image][\/et_pb_column][et_pb_column type=\u00bb1_3&#8243; _builder_version=\u00bb4.25.2&#8243; _module_preset=\u00bbdefault\u00bb global_colors_info=\u00bb{}\u00bb][et_pb_text _builder_version=\u00bb4.25.2&#8243; _module_preset=\u00bbdefault\u00bb text_text_color=\u00bb#000000&#8243; text_font_size=\u00bb20px\u00bb text_orientation=\u00bbcenter\u00bb custom_margin=\u00bb148px||||false|false\u00bb hover_enabled=\u00bb0&#8243; global_colors_info=\u00bb{}\u00bb sticky_enabled=\u00bb0&#8243;]<\/p>\n<p style=\"text-align: center;\"><strong>LA PERCHERA<\/strong><\/p>\n<p>[\/et_pb_text][\/et_pb_column][et_pb_column type=\u00bb1_3&#8243; _builder_version=\u00bb4.25.2&#8243; _module_preset=\u00bbdefault\u00bb global_colors_info=\u00bb{}\u00bb][et_pb_image src=\u00bbhttps:\/\/jo-well.com\/wp-content\/uploads\/2024\/07\/Pendule.tif\u00bb title_text=\u00bbP\u00e9ndulo\u00bb align=\u00bbcenter\u00bb _builder_version=\u00bb4.25.2&#8243; _module_preset=\u00bbdefault\u00bb min_height=\u00bb320px\u00bb custom_margin=\u00bb||56px|||\u00bb custom_padding=\u00bb|||0px||\u00bb hover_enabled=\u00bb0&#8243; border_radii=\u00bbon|303px|303px|303px|303px\u00bb global_colors_info=\u00bb{}\u00bb sticky_enabled=\u00bb0&#8243;][\/et_pb_image][\/et_pb_column][\/et_pb_row][\/et_pb_section][et_pb_section fb_built=\u00bb1&#8243; _builder_version=\u00bb4.25.2&#8243; _module_preset=\u00bbdefault\u00bb background_color=\u00bb#fcb394&#8243; global_colors_info=\u00bb{}\u00bb][et_pb_row _builder_version=\u00bb4.25.2&#8243; _module_preset=\u00bbdefault\u00bb global_colors_info=\u00bb{}\u00bb][et_pb_column type=\u00bb4_4&#8243; _builder_version=\u00bb4.25.2&#8243; _module_preset=\u00bbdefault\u00bb global_colors_info=\u00bb{}\u00bb][et_pb_text _builder_version=\u00bb4.25.2&#8243; _module_preset=\u00bbdefault\u00bb text_text_color=\u00bb#000000&#8243; text_font_size=\u00bb16px\u00bb text_line_height=\u00bb1.8em\u00bb module_alignment=\u00bbcenter\u00bb hover_enabled=\u00bb0&#8243; global_colors_info=\u00bb{}\u00bb sticky_enabled=\u00bb0&#8243;]<\/p>\n<h3><strong>Utilizar el p\u00e9ndulo<\/strong><\/h3>\n<p><strong>Definici\u00f3n:<\/strong> El uso del p\u00e9ndulo es una pr\u00e1ctica que consiste en utilizar un objeto suspendido por una cadena o hilo, llamado p\u00e9ndulo, para obtener respuestas a preguntas o detectar energ\u00edas sutiles.<\/p>\n<h3><strong>Principios b\u00e1sicos :<\/strong><\/h3>\n<ul>\n<li><strong>Movimiento pendular<\/strong>: Se supone que el p\u00e9ndulo reacciona a preguntas o energ\u00edas movi\u00e9ndose de una determinada manera.<br \/>\nLos movimientos pueden ser circulares, lineales u oscilantes, cada uno con un significado particular. <\/li>\n<li>La <strong>intuici\u00f3n y el subconsciente<\/strong>: Se cree que el movimiento del p\u00e9ndulo est\u00e1 influido por la intuici\u00f3n o el subconsciente de la persona que lo sostiene, lo que permite acceder a informaci\u00f3n m\u00e1s all\u00e1 de la percepci\u00f3n consciente.<\/li>\n<li>Energ\u00edas <strong>y<\/strong> vibraciones : El p\u00e9ndulo tambi\u00e9n se utiliza para detectar energ\u00edas y vibraciones en el entorno, los objetos o las personas.<\/li>\n<\/ul>\n<h3><strong>M\u00e9todo :<\/strong><\/h3>\n<ol>\n<li><strong>Elegir un p\u00e9ndulo<\/strong>: Selecciona un p\u00e9ndulo, que puede estar hecho de diversos materiales, como cristal, metal o madera.<\/li>\n<li><strong>Formular preguntas<\/strong>: Haz al p\u00e9ndulo preguntas claras y precisas, a menudo preguntas cerradas (respuestas s\u00ed\/no).<\/li>\n<li><strong>Observar<\/strong> los movimientos: Mant\u00e9n quieto el p\u00e9ndulo y observa sus movimientos en respuesta a las preguntas formuladas o al detectar energ\u00edas.<\/li>\n<li><strong>Interpretaci\u00f3n<\/strong>: Interpreta los movimientos del p\u00e9ndulo para obtener respuestas o informaci\u00f3n sobre las energ\u00edas detectadas.<\/li>\n<\/ol>\n<p>El p\u00e9ndulo se utiliza para obtener respuestas intuitivas, explorar cuestiones personales o detectar energ\u00edas y vibraciones en diversos contextos.<\/p>\n<p>[\/et_pb_text][\/et_pb_column][\/et_pb_row][\/et_pb_section]<\/p>\n","protected":false},"excerpt":{"rendered":"<p>LA PERCHERAUtilizar el p\u00e9ndulo Definici\u00f3n: El uso del p\u00e9ndulo es una pr\u00e1ctica que consiste en utilizar un objeto suspendido por una cadena o hilo, llamado p\u00e9ndulo, para obtener respuestas a preguntas o detectar energ\u00edas sutiles. Principios b\u00e1sicos : Movimiento pendular: Se supone que el p\u00e9ndulo reacciona a preguntas o energ\u00edas movi\u00e9ndose de una determinada manera. [&hellip;]<\/p>\n","protected":false},"author":1,"featured_media":0,"parent":29331,"menu_order":2,"comment_status":"closed","ping_status":"closed","template":"","meta":{"_et_pb_use_builder":"on","_et_pb_old_content":"","_et_gb_content_width":"","footnotes":""},"class_list":["post-29263","page","type-page","status-publish","hentry"],"yoast_head":"<!-- This site is optimized with the Yoast SEO plugin v27.4 - https:\/\/yoast.com\/product\/yoast-seo-wordpress\/ -->\n<title>LA PERCHERA - www.jo-well.com<\/title>\n<meta name=\"robots\" content=\"index, follow, max-snippet:-1, max-image-preview:large, max-video-preview:-1\" \/>\n<link rel=\"canonical\" href=\"https:\/\/jo-well.com\/soins\/le-pendule\/\" \/>\n<meta property=\"og:locale\" content=\"es_ES\" \/>\n<meta property=\"og:type\" content=\"article\" \/>\n<meta property=\"og:title\" content=\"LA PERCHERA - www.jo-well.com\" \/>\n<meta property=\"og:description\" content=\"LA PERCHERAUtilizar el p\u00e9ndulo Definici\u00f3n: El uso del p\u00e9ndulo es una pr\u00e1ctica que consiste en utilizar un objeto suspendido por una cadena o hilo, llamado p\u00e9ndulo, para obtener respuestas a preguntas o detectar energ\u00edas sutiles. Principios b\u00e1sicos : Movimiento pendular: Se supone que el p\u00e9ndulo reacciona a preguntas o energ\u00edas movi\u00e9ndose de una determinada manera. [&hellip;]\" \/>\n<meta property=\"og:url\" content=\"https:\/\/jo-well.com\/soins\/le-pendule\/\" \/>\n<meta property=\"og:site_name\" content=\"www.jo-well.com\" \/>\n<meta property=\"article:modified_time\" content=\"2024-07-26T15:16:57+00:00\" \/>\n<meta name=\"twitter:card\" content=\"summary_large_image\" \/>\n<meta name=\"twitter:label1\" content=\"Tiempo de lectura\" \/>\n\t<meta name=\"twitter:data1\" content=\"3 minutos\" \/>\n<script type=\"application\/ld+json\" class=\"yoast-schema-graph\">{\"@context\":\"https:\\\/\\\/schema.org\",\"@graph\":[{\"@type\":\"WebPage\",\"@id\":\"https:\\\/\\\/jo-well.com\\\/soins\\\/le-pendule\\\/\",\"url\":\"https:\\\/\\\/jo-well.com\\\/soins\\\/le-pendule\\\/\",\"name\":\"LA PERCHERA - www.jo-well.com\",\"isPartOf\":{\"@id\":\"https:\\\/\\\/jo-well.com\\\/#website\"},\"datePublished\":\"2024-07-02T08:53:00+00:00\",\"dateModified\":\"2024-07-26T15:16:57+00:00\",\"breadcrumb\":{\"@id\":\"https:\\\/\\\/jo-well.com\\\/soins\\\/le-pendule\\\/#breadcrumb\"},\"inLanguage\":\"es\",\"potentialAction\":[{\"@type\":\"ReadAction\",\"target\":[\"https:\\\/\\\/jo-well.com\\\/soins\\\/le-pendule\\\/\"]}]},{\"@type\":\"BreadcrumbList\",\"@id\":\"https:\\\/\\\/jo-well.com\\\/soins\\\/le-pendule\\\/#breadcrumb\",\"itemListElement\":[{\"@type\":\"ListItem\",\"position\":1,\"name\":\"Accueil\",\"item\":\"https:\\\/\\\/jo-well.com\\\/\"},{\"@type\":\"ListItem\",\"position\":2,\"name\":\"CUIDADO\",\"item\":\"https:\\\/\\\/jo-well.com\\\/soins\\\/\"},{\"@type\":\"ListItem\",\"position\":3,\"name\":\"LA PERCHERA\"}]},{\"@type\":\"WebSite\",\"@id\":\"https:\\\/\\\/jo-well.com\\\/#website\",\"url\":\"https:\\\/\\\/jo-well.com\\\/\",\"name\":\"www.jo-well.com\",\"description\":\"Jo-Well Center - Wellness\",\"potentialAction\":[{\"@type\":\"SearchAction\",\"target\":{\"@type\":\"EntryPoint\",\"urlTemplate\":\"https:\\\/\\\/jo-well.com\\\/?s={search_term_string}\"},\"query-input\":{\"@type\":\"PropertyValueSpecification\",\"valueRequired\":true,\"valueName\":\"search_term_string\"}}],\"inLanguage\":\"es\"}]}<\/script>\n<!-- \/ Yoast SEO plugin. -->","yoast_head_json":{"title":"LA PERCHERA - www.jo-well.com","robots":{"index":"index","follow":"follow","max-snippet":"max-snippet:-1","max-image-preview":"max-image-preview:large","max-video-preview":"max-video-preview:-1"},"canonical":"https:\/\/jo-well.com\/soins\/le-pendule\/","og_locale":"es_ES","og_type":"article","og_title":"LA PERCHERA - www.jo-well.com","og_description":"LA PERCHERAUtilizar el p\u00e9ndulo Definici\u00f3n: El uso del p\u00e9ndulo es una pr\u00e1ctica que consiste en utilizar un objeto suspendido por una cadena o hilo, llamado p\u00e9ndulo, para obtener respuestas a preguntas o detectar energ\u00edas sutiles. Principios b\u00e1sicos : Movimiento pendular: Se supone que el p\u00e9ndulo reacciona a preguntas o energ\u00edas movi\u00e9ndose de una determinada manera. [&hellip;]","og_url":"https:\/\/jo-well.com\/soins\/le-pendule\/","og_site_name":"www.jo-well.com","article_modified_time":"2024-07-26T15:16:57+00:00","twitter_card":"summary_large_image","twitter_misc":{"Tiempo de lectura":"3 minutos"},"schema":{"@context":"https:\/\/schema.org","@graph":[{"@type":"WebPage","@id":"https:\/\/jo-well.com\/soins\/le-pendule\/","url":"https:\/\/jo-well.com\/soins\/le-pendule\/","name":"LA PERCHERA - www.jo-well.com","isPartOf":{"@id":"https:\/\/jo-well.com\/#website"},"datePublished":"2024-07-02T08:53:00+00:00","dateModified":"2024-07-26T15:16:57+00:00","breadcrumb":{"@id":"https:\/\/jo-well.com\/soins\/le-pendule\/#breadcrumb"},"inLanguage":"es","potentialAction":[{"@type":"ReadAction","target":["https:\/\/jo-well.com\/soins\/le-pendule\/"]}]},{"@type":"BreadcrumbList","@id":"https:\/\/jo-well.com\/soins\/le-pendule\/#breadcrumb","itemListElement":[{"@type":"ListItem","position":1,"name":"Accueil","item":"https:\/\/jo-well.com\/"},{"@type":"ListItem","position":2,"name":"CUIDADO","item":"https:\/\/jo-well.com\/soins\/"},{"@type":"ListItem","position":3,"name":"LA PERCHERA"}]},{"@type":"WebSite","@id":"https:\/\/jo-well.com\/#website","url":"https:\/\/jo-well.com\/","name":"www.jo-well.com","description":"Jo-Well Center - Wellness","potentialAction":[{"@type":"SearchAction","target":{"@type":"EntryPoint","urlTemplate":"https:\/\/jo-well.com\/?s={search_term_string}"},"query-input":{"@type":"PropertyValueSpecification","valueRequired":true,"valueName":"search_term_string"}}],"inLanguage":"es"}]}},"jetpack_sharing_enabled":true,"jetpack-related-posts":[],"_links":{"self":[{"href":"https:\/\/jo-well.com\/es\/wp-json\/wp\/v2\/pages\/29263","targetHints":{"allow":["GET"]}}],"collection":[{"href":"https:\/\/jo-well.com\/es\/wp-json\/wp\/v2\/pages"}],"about":[{"href":"https:\/\/jo-well.com\/es\/wp-json\/wp\/v2\/types\/page"}],"author":[{"embeddable":true,"href":"https:\/\/jo-well.com\/es\/wp-json\/wp\/v2\/users\/1"}],"replies":[{"embeddable":true,"href":"https:\/\/jo-well.com\/es\/wp-json\/wp\/v2\/comments?post=29263"}],"version-history":[{"count":1,"href":"https:\/\/jo-well.com\/es\/wp-json\/wp\/v2\/pages\/29263\/revisions"}],"predecessor-version":[{"id":29269,"href":"https:\/\/jo-well.com\/es\/wp-json\/wp\/v2\/pages\/29263\/revisions\/29269"}],"up":[{"embeddable":true,"href":"https:\/\/jo-well.com\/es\/wp-json\/wp\/v2\/pages\/29331"}],"wp:attachment":[{"href":"https:\/\/jo-well.com\/es\/wp-json\/wp\/v2\/media?parent=29263"}],"curies":[{"name":"wp","href":"https:\/\/api.w.org\/{rel}","templated":true}]}}