{"id":29295,"date":"2024-07-01T12:09:10","date_gmt":"2024-07-01T17:09:10","guid":{"rendered":"https:\/\/jo-well.com\/fortalecimiento-y-movilidad-con-los-metodos-knap-y-dorn\/"},"modified":"2024-07-26T10:16:57","modified_gmt":"2024-07-26T15:16:57","slug":"fortalecimiento-y-movilidad-con-los-metodos-knap-y-dorn","status":"publish","type":"page","link":"https:\/\/jo-well.com\/es\/cuidado\/fortalecimiento-y-movilidad-con-los-metodos-knap-y-dorn\/","title":{"rendered":"Fortalecimiento y movilidad con los m\u00e9todos Knap y Dorn"},"content":{"rendered":"<p>[et_pb_section fb_built=\u00bb1&#8243; _builder_version=\u00bb4.25.2&#8243; _module_preset=\u00bbdefault\u00bb background_color=\u00bb#fcb394&#8243; global_colors_info=\u00bb{}\u00bb][et_pb_row _builder_version=\u00bb4.25.2&#8243; _module_preset=\u00bbdefault\u00bb global_colors_info=\u00bb{}\u00bb][et_pb_column type=\u00bb4_4&#8243; _builder_version=\u00bb4.25.2&#8243; _module_preset=\u00bbdefault\u00bb global_colors_info=\u00bb{}\u00bb][et_pb_image src=\u00bbhttps:\/\/jo-well.com\/wp-content\/uploads\/2024\/06\/KNAP-DORN-Image-2.tif\u00bb title_text=\u00bbKNAP-DORN Imagen 2&#8243; align=\u00bbcenter\u00bb _builder_version=\u00bb4.25.2&#8243; _module_preset=\u00bbdefault\u00bb max_height=\u00bb488px\u00bb border_radii=\u00bbon|243px|243px|243px|243px\u00bb global_colors_info=\u00bb{}\u00bb][\/et_pb_image][et_pb_text _builder_version=\u00bb4.25.2&#8243; _module_preset=\u00bbdefault\u00bb text_text_color=\u00bb#000000&#8243; text_font_size=\u00bb25px\u00bb text_orientation=\u00bbright\u00bb global_colors_info=\u00bb{}\u00bb]<\/p>\n<p style=\"text-align: center;\"><strong>Fuerza y movilidad<br \/><\/strong><strong>con los m\u00e9todos Knap y Dorn<\/strong><\/p>\n<p>[\/et_pb_text][\/et_pb_column][\/et_pb_row][\/et_pb_section][et_pb_section fb_built=\u00bb1&#8243; _builder_version=\u00bb4.25.2&#8243; _module_preset=\u00bbdefault\u00bb background_color=\u00bb#fcb394&#8243; global_colors_info=\u00bb{}\u00bb][et_pb_row _builder_version=\u00bb4.25.2&#8243; _module_preset=\u00bbdefault\u00bb global_colors_info=\u00bb{}\u00bb][et_pb_column type=\u00bb4_4&#8243; _builder_version=\u00bb4.25.2&#8243; _module_preset=\u00bbdefault\u00bb global_colors_info=\u00bb{}\u00bb][et_pb_text _builder_version=\u00bb4.25.2&#8243; _module_preset=\u00bbdefault\u00bb text_text_color=\u00bb#000000&#8243; text_font_size=\u00bb16px\u00bb text_line_height=\u00bb1.8em\u00bb module_alignment=\u00bbcenter\u00bb global_colors_info=\u00bb{}\u00bb]<\/p>\n<h3><strong>T\u00e9cnicas Knap y M\u00e9todo Dorn: \u00bfQu\u00e9 son?<\/strong><\/h3>\n<p>Las t\u00e9cnicas de Knap y el m\u00e9todo Dorn son dos enfoques complementarios que pretenden mejorar la flexibilidad, la alineaci\u00f3n natural del cuerpo y fomentar la mejora de la postura y el movimiento fluido.<br \/>\nLa t\u00e9cnica Knap se dirige a puntos musculares espec\u00edficos para estimular la relajaci\u00f3n, mientras que el m\u00e9todo Dorn se centra en ajustes suaves para fomentar el equilibrio corporal. <\/p>\n<h3><strong>Principio b\u00e1sico<\/strong><\/h3>\n<p>Estos m\u00e9todos activan la capacidad natural del cuerpo para autorregularse.<br \/>\nLa t\u00e9cnica Knap aplica presi\u00f3n en puntos clave, y el m\u00e9todo Dorn realiza suaves ajustes manuales, ambos con el objetivo de ayudar al cuerpo a mantener su alineaci\u00f3n \u00f3ptima de forma suave y no invasiva. <\/p>\n<h3><strong>\u00bfC\u00f3mo funcionan estas t\u00e9cnicas?<\/strong><\/h3>\n<p>La t\u00e9cnica Knap utiliza una presi\u00f3n dirigida para liberar la tensi\u00f3n, mientras que el m\u00e9todo Dorn gu\u00eda el cuerpo mediante ajustes sutiles y movimientos espec\u00edficos, facilitando una alineaci\u00f3n m\u00e1s natural y armoniosa.<\/p>\n<h3><strong>T\u00e9cnicas utilizadas<\/strong><\/h3>\n<p>Estos enfoques combinan una manipulaci\u00f3n suave y una presi\u00f3n precisa en puntos estrat\u00e9gicos del cuerpo para fomentar un mejor equilibrio y fluidez de movimiento.<\/p>\n<h3><strong>\u00bfPor qu\u00e9 funciona?<\/strong><\/h3>\n<p>La combinaci\u00f3n de ambas t\u00e9cnicas ofrece un m\u00e9todo m\u00e1s completo para fomentar el bienestar corporal.<br \/>\nCada t\u00e9cnica apoya y refuerza los beneficios de la otra, ofreciendo una soluci\u00f3n total para la comodidad y la movilidad. <\/p>\n<h3><strong>Los efectos de las t\u00e9cnicas Knap y del m\u00e9todo Dorn<\/strong><\/h3>\n<p>Los usuarios de estas t\u00e9cnicas suelen referir una sensaci\u00f3n de relajaci\u00f3n profunda, mejora de la postura, aumento de la movilidad y mejora del bienestar general.<\/p>\n<h3><strong>Qu\u00e9 esperar durante una sesi\u00f3n<\/strong><\/h3>\n<p>Las sesiones pueden requerir la participaci\u00f3n activa del cliente, que puede ser guiado mediante movimientos suaves para facilitar los ajustes y mejorar la eficacia del proceso.<\/p>\n<h3><strong>Objetivos de las T\u00e9cnicas Knap y del M\u00e9todo Dorn<\/strong><\/h3>\n<p>Estas t\u00e9cnicas pretenden fomentar la armon\u00eda corporal, reducir la tensi\u00f3n, mejorar la alineaci\u00f3n y la fluidez de movimientos, y favorecer una vida cotidiana m\u00e1s c\u00f3moda y equilibrada.<\/p>\n<h3><strong>En breve<\/strong><\/h3>\n<p>Las t\u00e9cnicas Knap y el m\u00e9todo Dorn ofrecen un enfoque integrado y respetuoso para mejorar el bienestar general.<br \/>\nProporcionan herramientas eficaces para ayudar a las personas a alcanzar el equilibrio natural y optimizar su potencial de movimiento. <\/p>\n<p><em>Aunque estas t\u00e9cnicas ofrecen muchos beneficios para el bienestar, es importante recordar que no sustituyen el asesoramiento y la intervenci\u00f3n de un profesional sanitario cualificado.<\/em><\/p>\n<p>[\/et_pb_text][\/et_pb_column][\/et_pb_row][et_pb_row _builder_version=\u00bb4.25.2&#8243; _module_preset=\u00bbdefault\u00bb global_colors_info=\u00bb{}\u00bb][et_pb_column type=\u00bb4_4&#8243; _builder_version=\u00bb4.25.2&#8243; _module_preset=\u00bbdefault\u00bb global_colors_info=\u00bb{}\u00bb][et_pb_text _builder_version=\u00bb4.25.2&#8243; _module_preset=\u00bbdefault\u00bb text_text_color=\u00bb#000000&#8243; global_colors_info=\u00bb{}\u00bb]<\/p>\n<p><span style=\"text-decoration: underline;\">Precios<\/span>: 60 $ por sesi\u00f3n (s\u00f3lo pago en efectivo)<\/p>\n<p>Una sesi\u00f3n dura entre 45 minutos y 1 hora<\/p>\n<p>No hay un n\u00famero m\u00ednimo o m\u00e1ximo de sesiones.<br \/>\nDepende de lo que necesites o quieras. <\/p>\n<p>[\/et_pb_text][\/et_pb_column][\/et_pb_row][et_pb_row _builder_version=\u00bb4.25.2&#8243; _module_preset=\u00bbdefault\u00bb global_colors_info=\u00bb{}\u00bb][et_pb_column type=\u00bb4_4&#8243; _builder_version=\u00bb4.25.2&#8243; _module_preset=\u00bbdefault\u00bb global_colors_info=\u00bb{}\u00bb][et_pb_text _builder_version=\u00bb4.25.2&#8243; _module_preset=\u00bbdefault\u00bb text_text_color=\u00bb#000000&#8243; global_colors_info=\u00bb{}\u00bb]<\/p>\n<p><span style=\"text-decoration: underline;\">Ponte en contacto conmigo<\/span>:<\/p>\n<p>W<span style=\"text-decoration: underline;\">hatsApp<\/span>: +507 6380-0076<span style=\"text-decoration: underline;\">Correo electr\u00f3nico<\/span>: jo_well_care@yahoo.com<\/p>\n<p><strong>\u00a1S\u00f3lo con cita previa!<\/strong><\/p>\n<p>[\/et_pb_text][\/et_pb_column][\/et_pb_row][\/et_pb_section]<\/p>\n","protected":false},"excerpt":{"rendered":"<p>Fuerza y movilidadcon los m\u00e9todos Knap y DornT\u00e9cnicas Knap y M\u00e9todo Dorn: \u00bfQu\u00e9 son? Las t\u00e9cnicas de Knap y el m\u00e9todo Dorn son dos enfoques complementarios que pretenden mejorar la flexibilidad, la alineaci\u00f3n natural del cuerpo y fomentar la mejora de la postura y el movimiento fluido. La t\u00e9cnica Knap se dirige a puntos musculares [&hellip;]<\/p>\n","protected":false},"author":1,"featured_media":0,"parent":29331,"menu_order":3,"comment_status":"closed","ping_status":"closed","template":"","meta":{"_et_pb_use_builder":"on","_et_pb_old_content":"","_et_gb_content_width":"","footnotes":""},"class_list":["post-29295","page","type-page","status-publish","hentry"],"_links":{"self":[{"href":"https:\/\/jo-well.com\/es\/wp-json\/wp\/v2\/pages\/29295","targetHints":{"allow":["GET"]}}],"collection":[{"href":"https:\/\/jo-well.com\/es\/wp-json\/wp\/v2\/pages"}],"about":[{"href":"https:\/\/jo-well.com\/es\/wp-json\/wp\/v2\/types\/page"}],"author":[{"embeddable":true,"href":"https:\/\/jo-well.com\/es\/wp-json\/wp\/v2\/users\/1"}],"replies":[{"embeddable":true,"href":"https:\/\/jo-well.com\/es\/wp-json\/wp\/v2\/comments?post=29295"}],"version-history":[{"count":10,"href":"https:\/\/jo-well.com\/es\/wp-json\/wp\/v2\/pages\/29295\/revisions"}],"predecessor-version":[{"id":29337,"href":"https:\/\/jo-well.com\/es\/wp-json\/wp\/v2\/pages\/29295\/revisions\/29337"}],"up":[{"embeddable":true,"href":"https:\/\/jo-well.com\/es\/wp-json\/wp\/v2\/pages\/29331"}],"wp:attachment":[{"href":"https:\/\/jo-well.com\/es\/wp-json\/wp\/v2\/media?parent=29295"}],"curies":[{"name":"wp","href":"https:\/\/api.w.org\/{rel}","templated":true}]}}