{"id":29310,"date":"2022-06-27T00:45:10","date_gmt":"2022-06-27T05:45:10","guid":{"rendered":"https:\/\/jo-well.com\/inicio\/"},"modified":"2026-01-30T09:35:14","modified_gmt":"2026-01-30T14:35:14","slug":"inicio","status":"publish","type":"page","link":"https:\/\/jo-well.com\/es\/","title":{"rendered":"INICIO"},"content":{"rendered":"<p>[et_pb_section fb_built=\u00bb1&#8243; _builder_version=\u00bb4.27.4&#8243; _module_preset=\u00bbdefault\u00bb background_color=\u00bb#FFFFFF\u00bb min_height=\u00bb1063.7px\u00bb custom_margin=\u00bb||-3px|||\u00bb hover_enabled=\u00bb0&#8243; global_colors_info=\u00bb{}\u00bb sticky_enabled=\u00bb0&#8243;][et_pb_row column_structure=\u00bb1_2,1_2&#8243; _builder_version=\u00bb4.27.4&#8243; _module_preset=\u00bbdefault\u00bb hover_enabled=\u00bb0&#8243; global_colors_info=\u00bb{}\u00bb background_color=\u00bb#fcb394&#8243; sticky_enabled=\u00bb0&#8243;][et_pb_column type=\u00bb1_2&#8243; _builder_version=\u00bb4.17.4&#8243; _module_preset=\u00bbdefault\u00bb global_colors_info=\u00bb{}\u00bb][et_pb_image src=\u00bbhttps:\/\/jo-well.com\/wp-content\/uploads\/2026\/01\/Jo-Well-Center-photo-face.jpeg\u00bb title_text=\u00bbCara de la foto del Centro Jo-Well\u00bb _builder_version=\u00bb4.27.4&#8243; _module_preset=\u00bbdefault\u00bb width=\u00bb69%\u00bb hover_enabled=\u00bb0&#8243; global_colors_info=\u00bb{}\u00bb align=\u00bbcenter\u00bb sticky_enabled=\u00bb0&#8243;][\/et_pb_image][\/et_pb_column][et_pb_column type=\u00bb1_2&#8243; _builder_version=\u00bb4.17.4&#8243; _module_preset=\u00bbdefault\u00bb global_colors_info=\u00bb{}\u00bb][et_pb_text _builder_version=\u00bb4.26.0&#8243; _module_preset=\u00bbdefault\u00bb text_text_color=\u00bb#000000&#8243; text_font_size=\u00bb26px\u00bb text_line_height=\u00bb1.8em\u00bb text_orientation=\u00bbcenter\u00bb max_height=\u00bb1000px\u00bb hover_enabled=\u00bb0&#8243; text_text_shadow_style=\u00bbpreset5&#8243; border_radii=\u00bbon|39px|39px|39px|39px\u00bb global_colors_info=\u00bb{}\u00bb sticky_enabled=\u00bb0&#8243;]<\/p>\n<p><strong><\/strong><\/p>\n<p><strong><\/strong><\/p>\n<p><strong><\/strong><\/p>\n<p><strong><br \/>Practicante de t\u00e9cnicas manuales para el alivio y la armon\u00eda cuerpo-alma-esp\u00edritu<\/strong><\/p>\n<p>[\/et_pb_text][\/et_pb_column][\/et_pb_row][et_pb_row _builder_version=\u00bb4.25.2&#8243; _module_preset=\u00bbdefault\u00bb global_colors_info=\u00bb{}\u00bb][et_pb_column type=\u00bb4_4&#8243; _builder_version=\u00bb4.25.2&#8243; _module_preset=\u00bbdefault\u00bb global_colors_info=\u00bb{}\u00bb][et_pb_text _builder_version=\u00bb4.26.0&#8243; _module_preset=\u00bbdefault\u00bb text_text_color=\u00bb#000000&#8243; text_font_size=\u00bb16px\u00bb global_colors_info=\u00bb{}\u00bb]<\/p>\n<h3>Bienvenido al Centro Jo-Well<\/h3>\n<p>Descubre un remanso de paz y bienestar en San Carlos. En el Centro Jo-Well, combino t\u00e9cnicas de masaje, tratamientos energ\u00e9ticos y m\u00e9todos naturales para ayudarte a recuperar el equilibrio y la serenidad. Mi objetivo es ofrecerte una experiencia de tratamiento hol\u00edstico y personalizado, cuidando de tu cuerpo y tu mente.  <\/p>\n<p>&nbsp;<\/p>\n<p>&nbsp;<\/p>\n<h3>Mis servicios<\/h3>\n<ul>\n<li><strong>Masajes energ\u00e9ticos<\/strong>: Equilibra y armoniza la energ\u00eda de tu cuerpo.<\/li>\n<li><strong>Cuidados energ\u00e9ticos<\/strong>: Utiliza t\u00e9cnicas como el magnetismo y la canalizaci\u00f3n de la energ\u00eda para restablecer el equilibrio, aliviar el dolor y fomentar el bienestar.<\/li>\n<li><strong>Fortalecimiento y movilidad (m\u00e9todo Dorn)<\/strong>: Un m\u00e9todo suave para mejorar la alineaci\u00f3n y flexibilidad naturales del cuerpo, favoreciendo una mejor postura y un movimiento fluido.<\/li>\n<li><strong>Alivio de la alergia<\/strong>: Un<span>enfoque natural y personalizado para reducir los s\u00edntomas de la alergia reequilibrando las energ\u00edas del cuerpo<\/span>.<\/li>\n<\/ul>\n<h3><\/h3>\n<h3><\/h3>\n<h3><\/h3>\n<h3><\/h3>\n<h3>\u00bfPor qu\u00e9 elegir el Centro Jo-Well?<\/h3>\n<ul>\n<li><strong>Experiencia<\/strong>: M\u00e1s de 20 a\u00f1os de experiencia combinando conocimientos y pasi\u00f3n para ofrecer una atenci\u00f3n de m\u00e1xima calidad.<\/li>\n<li><strong>Una atm\u00f3sfera relajante<\/strong>: El Centro Jo-Well est\u00e1 dise\u00f1ado como un santuario de tranquilidad, que fomenta la relajaci\u00f3n y el bienestar.<\/li>\n<li><strong>T\u00e9cnicas personalizadas<\/strong>: Tratamientos adaptados a tus necesidades espec\u00edficas, utilizando diversas t\u00e9cnicas para optimizar los resultados.<\/li>\n<li><strong>Enfoque hol\u00edstico<\/strong>: Consideraci\u00f3n del ser humano como un todo, teniendo en cuenta el equilibrio f\u00edsico, emocional y energ\u00e9tico.<\/li>\n<li><strong>Formaci\u00f3n continua<\/strong>: Investigaci\u00f3n constante de nuevos conocimientos y t\u00e9cnicas para mejorar las habilidades y proporcionar una atenci\u00f3n de vanguardia.<\/li>\n<li><strong>Equipamiento de calidad<\/strong>: Utilizamos herramientas modernas como el dispositivo Healy, herramientas de energ\u00eda cu\u00e1ntica y diapasones terap\u00e9uticos para maximizar la eficacia de nuestros tratamientos.<\/li>\n<li><strong>Testimonios positivos<\/strong>: Los clientes informan de transformaciones significativas tras las sesiones, y afirman que los tratamientos les ayudan a sentirse revitalizados y equilibrados.<\/li>\n<li><strong>Accesibilidad<\/strong>: Situado en San Carlos, un centro de f\u00e1cil acceso con horarios flexibles que se adaptan a tu agenda.<\/li>\n<\/ul>\n<h3><\/h3>\n<h3><\/h3>\n<h3><\/h3>\n<h3><\/h3>\n<h3>Ponte en contacto conmigo en<\/h3>\n<p>\u00bfListo para iniciar tu viaje hacia el bienestar? Pide una cita hoy mismo y deja que me ocupe de ti. Puedes ponerte en contacto conmigo por tel\u00e9fono o correo electr\u00f3nico para cualquier pregunta o para concertar una cita. Estoy deseando darte la bienvenida al Centro Jo-Well.   <\/p>\n<p>[\/et_pb_text][\/et_pb_column][\/et_pb_row][\/et_pb_section][et_pb_section fb_built=\u00bb1&#8243; _builder_version=\u00bb4.27.4&#8243; _module_preset=\u00bbdefault\u00bb background_color=\u00bb#fcb394&#8243; hover_enabled=\u00bb0&#8243; global_colors_info=\u00bb{}\u00bb sticky_enabled=\u00bb0&#8243;][et_pb_row column_structure=\u00bb1_2,1_2&#8243; _builder_version=\u00bb4.25.2&#8243; _module_preset=\u00bbdefault\u00bb global_colors_info=\u00bb{}\u00bb][et_pb_column type=\u00bb1_2&#8243; _builder_version=\u00bb4.25.2&#8243; _module_preset=\u00bbdefault\u00bb global_colors_info=\u00bb{}\u00bb][et_pb_text _builder_version=\u00bb4.25.2&#8243; _module_preset=\u00bbdefault\u00bb text_text_color=\u00bb#000000&#8243; background_color=\u00bb#fcb394&#8243; global_colors_info=\u00bb{}\u00bb]<\/p>\n<p>C<span style=\"text-decoration: underline;\">ontacto<\/span>: Jo-Well<strong>Center<\/strong> c\/o Casa Fofo Calle Hacia Playa Ensenada San Carlos<span style=\"text-decoration: underline;\">Whatsapp<\/span>:+507 6380-0076<span style=\"text-decoration: underline;\">email<\/span>: jo_well_care@yahoo.com<\/p>\n<p>[\/et_pb_text][\/et_pb_column][et_pb_column type=\u00bb1_2&#8243; _builder_version=\u00bb4.25.2&#8243; _module_preset=\u00bbdefault\u00bb global_colors_info=\u00bb{}\u00bb][et_pb_image src=\u00bbhttps:\/\/jo-well.com\/wp-content\/uploads\/2024\/06\/Prendre-RDV.tiff\u00bb title_text=\u00bbPide cita\u00bb _builder_version=\u00bb4.25.2&#8243; _module_preset=\u00bbdefault\u00bb width=\u00bb24%\u00bb global_colors_info=\u00bb{}\u00bb][\/et_pb_image][\/et_pb_column][\/et_pb_row][\/et_pb_section]<\/p>\n","protected":false},"excerpt":{"rendered":"<p>Practicante de t\u00e9cnicas manuales para el alivio y la armon\u00eda cuerpo-alma-esp\u00edrituBienvenido al Centro Jo-Well Descubre un remanso de paz y bienestar en San Carlos. En el Centro Jo-Well, combino t\u00e9cnicas de masaje, tratamientos energ\u00e9ticos y m\u00e9todos naturales para ayudarte a recuperar el equilibrio y la serenidad. Mi objetivo es ofrecerte una experiencia de tratamiento hol\u00edstico [&hellip;]<\/p>\n","protected":false},"author":1,"featured_media":0,"parent":0,"menu_order":0,"comment_status":"closed","ping_status":"closed","template":"","meta":{"_et_pb_use_builder":"on","_et_pb_old_content":"","_et_gb_content_width":"","footnotes":""},"class_list":["post-29310","page","type-page","status-publish","hentry"],"_links":{"self":[{"href":"https:\/\/jo-well.com\/es\/wp-json\/wp\/v2\/pages\/29310","targetHints":{"allow":["GET"]}}],"collection":[{"href":"https:\/\/jo-well.com\/es\/wp-json\/wp\/v2\/pages"}],"about":[{"href":"https:\/\/jo-well.com\/es\/wp-json\/wp\/v2\/types\/page"}],"author":[{"embeddable":true,"href":"https:\/\/jo-well.com\/es\/wp-json\/wp\/v2\/users\/1"}],"replies":[{"embeddable":true,"href":"https:\/\/jo-well.com\/es\/wp-json\/wp\/v2\/comments?post=29310"}],"version-history":[{"count":5,"href":"https:\/\/jo-well.com\/es\/wp-json\/wp\/v2\/pages\/29310\/revisions"}],"predecessor-version":[{"id":29609,"href":"https:\/\/jo-well.com\/es\/wp-json\/wp\/v2\/pages\/29310\/revisions\/29609"}],"wp:attachment":[{"href":"https:\/\/jo-well.com\/es\/wp-json\/wp\/v2\/media?parent=29310"}],"curies":[{"name":"wp","href":"https:\/\/api.w.org\/{rel}","templated":true}]}}