{"id":29321,"date":"2024-06-27T15:53:14","date_gmt":"2024-06-27T20:53:14","guid":{"rendered":"https:\/\/jo-well.com\/tratamientos-energeticos\/"},"modified":"2024-07-26T10:16:57","modified_gmt":"2024-07-26T15:16:57","slug":"tratamientos-energeticos","status":"publish","type":"page","link":"https:\/\/jo-well.com\/es\/cuidado\/tratamientos-energeticos\/","title":{"rendered":"Tratamientos energ\u00e9ticos"},"content":{"rendered":"<p>[et_pb_section fb_built=\u00bb1&#8243; _builder_version=\u00bb4.25.2&#8243; _module_preset=\u00bbdefault\u00bb background_color=\u00bb#fcb394&#8243; global_colors_info=\u00bb{}\u00bb][et_pb_row _builder_version=\u00bb4.25.2&#8243; _module_preset=\u00bbdefault\u00bb global_colors_info=\u00bb{}\u00bb][et_pb_column type=\u00bb4_4&#8243; _builder_version=\u00bb4.25.2&#8243; _module_preset=\u00bbdefault\u00bb global_colors_info=\u00bb{}\u00bb][et_pb_image src=\u00bbhttps:\/\/jo-well.com\/wp-content\/uploads\/2024\/06\/Soins-energetiques-quantiques-et-vibratoires.tiff\u00bb title_text=\u00bbTratamientos energ\u00e9ticos, cu\u00e1nticos y vibracionales\u00bb align=\u00bbcenter\u00bb _builder_version=\u00bb4.25.2&#8243; _module_preset=\u00bbdefault\u00bb max_height=\u00bb488px\u00bb border_radii=\u00bbon|300px|300px|300px|300px\u00bb global_colors_info=\u00bb{}\u00bb][\/et_pb_image][et_pb_text _builder_version=\u00bb4.25.2&#8243; _module_preset=\u00bbdefault\u00bb text_text_color=\u00bb#000000&#8243; text_font_size=\u00bb25px\u00bb text_orientation=\u00bbright\u00bb global_colors_info=\u00bb{}\u00bb]<\/p>\n<p style=\"text-align: center;\">Mis tratamientos energ\u00e9ticos<\/p>\n<p>[\/et_pb_text][\/et_pb_column][\/et_pb_row][\/et_pb_section][et_pb_section fb_built=\u00bb1&#8243; _builder_version=\u00bb4.25.2&#8243; _module_preset=\u00bbdefault\u00bb background_color=\u00bb#fcb394&#8243; global_colors_info=\u00bb{}\u00bb][et_pb_row _builder_version=\u00bb4.25.2&#8243; _module_preset=\u00bbdefault\u00bb global_colors_info=\u00bb{}\u00bb][et_pb_column type=\u00bb4_4&#8243; _builder_version=\u00bb4.25.2&#8243; _module_preset=\u00bbdefault\u00bb global_colors_info=\u00bb{}\u00bb][et_pb_text _builder_version=\u00bb4.25.2&#8243; _module_preset=\u00bbdefault\u00bb text_text_color=\u00bb#000000&#8243; text_font_size=\u00bb16px\u00bb text_line_height=\u00bb1.8em\u00bb module_alignment=\u00bbcenter\u00bb global_colors_info=\u00bb{}\u00bb]<\/p>\n<p style=\"font-weight: 400;\"><span><strong><br \/>Cuidado de la energ\u00eda<\/strong>: \u00bfQu\u00e9 es?<\/span><\/p>\n<p style=\"font-weight: 400;\"><span>Quiz\u00e1 te preguntes qu\u00e9 es un tratamiento energ\u00e9tico y c\u00f3mo puede ayudarte.<br \/>\nAqu\u00ed tienes una explicaci\u00f3n sencilla y clara. <\/span><\/p>\n<p style=\"font-weight: 400;\"><strong>Principio b\u00e1sico<\/strong><\/p>\n<p style=\"font-weight: 400;\"><span>Todo en el universo, incluidos nuestros cuerpos y nuestros pensamientos, est\u00e1 hecho de energ\u00eda.<br \/>\nEl universo comenz\u00f3 con una inmensa explosi\u00f3n de energ\u00eda, conocida como Big Bang.<br \/>\nDesde entonces, esta energ\u00eda se ha organizado en \u00e1tomos, formando todo lo que existe.<br \/>\nEsta energ\u00eda vibra a diferentes frecuencias.<br \/>\nLos elementos f\u00edsicos, como nuestro cuerpo, vibran lentamente, mientras que nuestros pensamientos y emociones vibran m\u00e1s r\u00e1pidamente.<br \/>\nUn tratamiento energ\u00e9tico pretende equilibrar y armonizar estas diferentes vibraciones para fomentar la salud y el bienestar.       <\/span><\/p>\n<p style=\"font-weight: 400;\">Trabajo con diversas t\u00e9cnicas complementarias, como los 5 elementos, la terapia del sonido mediante diapasones, el p\u00e9ndulo, los chakras y la litoterapia, en funci\u00f3n de tus necesidades, deseos y sentimientos.<span><\/span><\/p>\n<p style=\"font-weight: 400;\"><strong>\u00bfC\u00f3mo funciona el Cuidado Energ\u00e9tico?<\/strong><\/p>\n<ol>\n<li style=\"font-weight: 400;\"><span><span style=\"text-decoration: underline;\">Armonizaci\u00f3n energ\u00e9tica<\/span>: Mi objetivo es reequilibrar y armonizar las diferentes vibraciones de tu energ\u00eda.<br \/><\/span><span><\/span><span><br \/><\/span><\/li>\n<li style=\"font-weight: 400;\"><span><span style=\"text-decoration: underline;\">Influencia del pensamiento<\/span>: Tus pensamientos e intenciones pueden influir en tu energ\u00eda.<br \/>\nPor ejemplo, pensar positivamente puede mejorar tu energ\u00eda. <\/span><\/li>\n<\/ol>\n<p style=\"font-weight: 400;\"><strong>T\u00e9cnicas utilizadas<\/strong><\/p>\n<p style=\"font-weight: 400;\"><span>&#8211; <span style=\"text-decoration: underline;\">Imposici\u00f3n de Manos<\/span>: Coloco mis manos cerca de tu cuerpo para detectar y reequilibrar la energ\u00eda.<\/span><\/p>\n<p style=\"font-weight: 400;\"><span>&#8211; <span style=\"text-decoration: underline;\">Visualizaci\u00f3n<\/span>: Juntos, visualizamos la energ\u00eda fluyendo libre y armoniosamente.<\/span><\/p>\n<p style=\"font-weight: 400;\"><strong>\u00bfPor qu\u00e9 funciona?<\/strong><\/p>\n<p style=\"font-weight: 400;\"><span> <\/span><span>&#8211; <span style=\"text-decoration: underline;\">Resonancia<\/span>: la energ\u00eda similar se atrae.<br \/>\nAl generar energ\u00eda positiva y equilibrada, ayudo a tu propia energ\u00eda a realinearse del mismo modo. <\/span><\/p>\n<p style=\"font-weight: 400;\"><span>&#8211; <span style=\"text-decoration: underline;\">Naturaleza de la materia<\/span>: La materia se considera energ\u00eda concentrada.<br \/>\nTrabajando sobre la energ\u00eda, podemos influir indirectamente en el cuerpo f\u00edsico. <\/span><\/p>\n<p style=\"font-weight: 400;\"><strong>Los cuerpos sutiles<\/strong><\/p>\n<p>Adem\u00e1s del cuerpo f\u00edsico, tenemos varias capas sutiles que desempe\u00f1an un papel importante en nuestro bienestar:<\/p>\n<p><span style=\"font-size: medium;\"><span style=\"text-decoration: underline;\">1. Capa f\u00edsica<\/span>: La capa m\u00e1s externa y tangible, formada por nuestro cuerpo f\u00edsico y sus funciones biol\u00f3gicas.<\/span><\/p>\n<p><span style=\"font-size: medium;\"><span style=\"text-decoration: underline;\">2. Capa Emocional<\/span>: se refiere a nuestras emociones y sentimientos, y a sus respuestas a las experiencias vitales.<\/span><\/p>\n<p><span style=\"font-size: medium;\"><span style=\"text-decoration: underline;\">3. Capa Mental<\/span>: Abarca nuestros pensamientos, creencias, patrones de pensamiento y procesos mentales.<\/span><\/p>\n<p><span style=\"font-size: medium;\"><span style=\"text-decoration: underline;\">4. Capa Espiritual<\/span>: Vincula nuestra esencia espiritual, nuestra b\u00fasqueda de sentido y nuestra conexi\u00f3n con un poder superior.<\/span><\/p>\n<p><span style=\"font-size: medium;\"><span style=\"text-decoration: underline;\">5. Cuerpo astral<\/span>: R\u00e9plica energ\u00e9tica del cuerpo f\u00edsico, asociada a los sue\u00f1os y a las experiencias extracorp\u00f3reas.<\/span><\/p>\n<p><span style=\"font-size: medium;\"><span style=\"text-decoration: underline;\">6. Cuerpo Causal<\/span>: Fuente de toda experiencia, vinculado a la causalidad y a la conciencia universal.<\/span><\/p>\n<p><span style=\"font-size: medium;\"><span style=\"text-decoration: underline;\">7. Cuerpo et\u00e9reo<\/span>: Matriz energ\u00e9tica que sostiene el cuerpo f\u00edsico, asociada a la vitalidad y la salud.<\/span><\/p>\n<p><span style=\"font-size: medium;\"><span style=\"text-decoration: underline;\">8. Cuerpo Et\u00e9reo Superior <\/span>: Extensi\u00f3n del cuerpo et\u00e9reo, vinculada a dimensiones superiores de conciencia y espiritualidad.<\/span><\/p>\n<p><span style=\"font-size: medium;\"><span style=\"text-decoration: underline;\">9. Cuerpo Divino<\/span>: Representa un estado de iluminaci\u00f3n y conexi\u00f3n directa con la fuerza del Universo.<\/span><\/p>\n<p><span style=\"font-size: medium;\">Estas capas est\u00e1n interconectadas, y un desequilibrio en una puede afectar a las dem\u00e1s, de ah\u00ed la importancia de armonizarlas.<\/span><\/p>\n<p style=\"font-weight: 400;\"><span style=\"font-size: medium;\"><strong>  Qu\u00e9 esperar durante una sesi\u00f3n<\/strong><\/span><\/p>\n<p style=\"font-weight: 400;\"><span style=\"font-size: medium;\"><span style=\"text-decoration: underline;\">1. Relajaci\u00f3n<\/span>: A menudo te tumbar\u00e1s y te relajar\u00e1s.<\/span><\/p>\n<p style=\"font-weight: 400;\"><span style=\"font-size: medium;\"><span style=\"text-decoration: underline;\">2. Intervenci\u00f3n del profesional<\/span>: Utilizo mis manos, mi concentraci\u00f3n y a veces herramientas como cristales para equilibrar tu energ\u00eda.<\/span><\/p>\n<p style=\"font-weight: 400;\"><span style=\"font-size: medium;\"><span style=\"text-decoration: underline;\">3. Efectos<\/span>: Puedes sentir una sensaci\u00f3n de calor, hormigueo o simplemente una relajaci\u00f3n profunda.<\/span><\/p>\n<p style=\"font-weight: 400;\"><span style=\"font-size: medium;\"><strong>Objetivos del cuidado de la energ\u00eda<\/strong><\/span><\/p>\n<p style=\"font-weight: 400;\"><span style=\"font-size: medium;\">Mi objetivo es :<\/span><\/p>\n<p style=\"font-weight: 400;\"><span style=\"font-size: medium;\">&#8211; Reduce tu estr\u00e9s.<\/span><\/p>\n<p style=\"font-weight: 400;\"><span style=\"font-size: medium;\">&#8211; Mejora tu bienestar general.<\/span><\/p>\n<p style=\"font-weight: 400;\"><span style=\"font-size: medium;\">&#8211; Promueve la curaci\u00f3n f\u00edsica y emocional.<\/span><\/p>\n<p style=\"font-weight: 400;\"><span style=\"font-size: medium;\"><strong>En breve<\/strong><\/span><\/p>\n<p style=\"font-weight: 400;\"><span style=\"font-size: medium;\">Un tratamiento energ\u00e9tico es una t\u00e9cnica suave y natural que utiliza la energ\u00eda para ayudar a equilibrar y armonizar el cuerpo y la mente, fomentando la salud y el bienestar generales.<\/span><\/p>\n<p style=\"font-weight: 400;\"><span style=\"font-size: medium;\"><\/span><\/p>\n<p style=\"font-weight: 400;\"><span style=\"font-size: medium;\">Espero que esta explicaci\u00f3n te haya ayudado a comprender mejor los tratamientos energ\u00e9ticos.<br \/>\nNo dudes en ponerte en contacto conmigo si tienes alguna pregunta o para concertar una cita. <\/span><\/p>\n<p>[\/et_pb_text][et_pb_image src=\u00bbhttps:\/\/jo-well.com\/wp-content\/uploads\/2024\/06\/Soins-energetiques-avec-chakras.tiff\u00bb title_text=\u00bbTratamientos energ\u00e9ticos de los chakras\u00bb align=\u00bbcenter\u00bb _builder_version=\u00bb4.25.2&#8243; _module_preset=\u00bbdefault\u00bb background_color=\u00bb#fcb394&#8243; width=\u00bb31.7%\u00bb min_height=\u00bb337px\u00bb border_radii=\u00bbon|300px|300px|300px|300px\u00bb global_colors_info=\u00bb{}\u00bb][\/et_pb_image][\/et_pb_column][\/et_pb_row][et_pb_row _builder_version=\u00bb4.25.2&#8243; _module_preset=\u00bbdefault\u00bb global_colors_info=\u00bb{}\u00bb][et_pb_column type=\u00bb4_4&#8243; _builder_version=\u00bb4.25.2&#8243; _module_preset=\u00bbdefault\u00bb global_colors_info=\u00bb{}\u00bb][et_pb_text _builder_version=\u00bb4.25.2&#8243; _module_preset=\u00bbdefault\u00bb text_text_color=\u00bb#000000&#8243; global_colors_info=\u00bb{}\u00bb]<\/p>\n<p><span style=\"text-decoration: underline;\">Precios<\/span>: 60 $ por sesi\u00f3n (s\u00f3lo pago en efectivo)<\/p>\n<p>Una sesi\u00f3n dura entre 45 minutos y 1 hora<\/p>\n<p>No hay un n\u00famero m\u00ednimo o m\u00e1ximo de sesiones.<br \/>\nDepende de lo que necesites o quieras. <\/p>\n<p>[\/et_pb_text][\/et_pb_column][\/et_pb_row][et_pb_row _builder_version=\u00bb4.25.2&#8243; _module_preset=\u00bbdefault\u00bb global_colors_info=\u00bb{}\u00bb][et_pb_column type=\u00bb4_4&#8243; _builder_version=\u00bb4.25.2&#8243; _module_preset=\u00bbdefault\u00bb global_colors_info=\u00bb{}\u00bb][et_pb_text _builder_version=\u00bb4.25.2&#8243; _module_preset=\u00bbdefault\u00bb text_text_color=\u00bb#000000&#8243; global_colors_info=\u00bb{}\u00bb]<\/p>\n<p><span style=\"text-decoration: underline;\">Ponte en contacto conmigo<\/span>:<\/p>\n<p>W<span style=\"text-decoration: underline;\">hatsApp<\/span>: +507 6380-0076<span style=\"text-decoration: underline;\">Correo electr\u00f3nico<\/span>: jo_well_care@yahoo.com<\/p>\n<p><strong>\u00a1S\u00f3lo con cita previa!<\/strong><\/p>\n<p>[\/et_pb_text][\/et_pb_column][\/et_pb_row][\/et_pb_section]<\/p>\n","protected":false},"excerpt":{"rendered":"<p>Mis tratamientos energ\u00e9ticosCuidado de la energ\u00eda: \u00bfQu\u00e9 es? Quiz\u00e1 te preguntes qu\u00e9 es un tratamiento energ\u00e9tico y c\u00f3mo puede ayudarte. Aqu\u00ed tienes una explicaci\u00f3n sencilla y clara. Principio b\u00e1sico Todo en el universo, incluidos nuestros cuerpos y nuestros pensamientos, est\u00e1 hecho de energ\u00eda. El universo comenz\u00f3 con una inmensa explosi\u00f3n de energ\u00eda, conocida como Big [&hellip;]<\/p>\n","protected":false},"author":1,"featured_media":0,"parent":29331,"menu_order":2,"comment_status":"closed","ping_status":"closed","template":"","meta":{"_et_pb_use_builder":"on","_et_pb_old_content":"","_et_gb_content_width":"","footnotes":""},"class_list":["post-29321","page","type-page","status-publish","hentry"],"_links":{"self":[{"href":"https:\/\/jo-well.com\/es\/wp-json\/wp\/v2\/pages\/29321","targetHints":{"allow":["GET"]}}],"collection":[{"href":"https:\/\/jo-well.com\/es\/wp-json\/wp\/v2\/pages"}],"about":[{"href":"https:\/\/jo-well.com\/es\/wp-json\/wp\/v2\/types\/page"}],"author":[{"embeddable":true,"href":"https:\/\/jo-well.com\/es\/wp-json\/wp\/v2\/users\/1"}],"replies":[{"embeddable":true,"href":"https:\/\/jo-well.com\/es\/wp-json\/wp\/v2\/comments?post=29321"}],"version-history":[{"count":1,"href":"https:\/\/jo-well.com\/es\/wp-json\/wp\/v2\/pages\/29321\/revisions"}],"predecessor-version":[{"id":29329,"href":"https:\/\/jo-well.com\/es\/wp-json\/wp\/v2\/pages\/29321\/revisions\/29329"}],"up":[{"embeddable":true,"href":"https:\/\/jo-well.com\/es\/wp-json\/wp\/v2\/pages\/29331"}],"wp:attachment":[{"href":"https:\/\/jo-well.com\/es\/wp-json\/wp\/v2\/media?parent=29321"}],"curies":[{"name":"wp","href":"https:\/\/api.w.org\/{rel}","templated":true}]}}