{"id":29340,"date":"2017-02-16T09:16:01","date_gmt":"2017-02-16T14:16:01","guid":{"rendered":"https:\/\/jo-well.com\/cartera\/"},"modified":"2024-07-26T10:17:01","modified_gmt":"2024-07-26T15:17:01","slug":"cartera","status":"publish","type":"page","link":"https:\/\/jo-well.com\/es\/cartera\/","title":{"rendered":"CARTERA"},"content":{"rendered":"<p>[et_pb_section fb_built=\u00bb1&#8243; theme_builder_area=\u00bbpost_content\u00bb _builder_version=\u00bb4.25.2&#8243; _module_preset=\u00bbdefault\u00bb title_text=\u00bbRainbow Pastel Plaid textured Seamless Pattern\u00bb background_image=\u00bbhttps:\/\/jo-well.com\/wp-content\/uploads\/2024\/06\/Rainbow-Plaid312-04-scaled.jpg\u00bb hover_enabled=\u00bb0&#8243; sticky_enabled=\u00bb0&#8243;][et_pb_row _builder_version=\u00bb4.25.2&#8243; _module_preset=\u00bbdefault\u00bb theme_builder_area=\u00bbpost_content\u00bb][et_pb_column _builder_version=\u00bb4.25.2&#8243; _module_preset=\u00bbdefault\u00bb type=\u00bb4_4&#8243; theme_builder_area=\u00bbpost_content\u00bb][et_pb_text _builder_version=\u00bb4.25.2&#8243; _module_preset=\u00bbdefault\u00bb theme_builder_area=\u00bbpost_content\u00bb hover_enabled=\u00bb0&#8243; sticky_enabled=\u00bb0&#8243; text_text_color=\u00bb#000000&#8243; text_font_size=\u00bb57px\u00bb]<\/p>\n<p><strong>EN CONSTRUCCI\u00d3N<\/strong><\/p>\n<p><strong>EN CONSTRUCCI\u00d3N<\/strong><\/p>\n<p><strong>EN CONSTRUCCI\u00d3N<\/strong><\/p>\n<p>[\/et_pb_text][\/et_pb_column][\/et_pb_row][\/et_pb_section][et_pb_section fb_built=\u00bb1&#8243; _builder_version=\u00bb4.25.2&#8243; hover_enabled=\u00bb0&#8243; transparent_background=\u00bboff\u00bb make_fullwidth=\u00bboff\u00bb use_custom_width=\u00bboff\u00bb width_unit=\u00bboff\u00bb custom_width_px=\u00bb1080px\u00bb custom_width_percent=\u00bb80%\u00bb global_colors_info=\u00bb{}\u00bb background_color=\u00bb#fcb394&#8243; sticky_enabled=\u00bb0&#8243;][et_pb_row _builder_version=\u00bb4.16&#8243; background_size=\u00bbinitial\u00bb background_position=\u00bbtop_left\u00bb background_repeat=\u00bbrepeat\u00bb custom_padding=\u00bb33.859375px|0px|0px|0px\u00bb make_fullwidth=\u00bboff\u00bb use_custom_width=\u00bboff\u00bb width_unit=\u00bboff\u00bb custom_width_px=\u00bb1080px\u00bb custom_width_percent=\u00bb80%\u00bb global_colors_info=\u00bb{}\u00bb][et_pb_column type=\u00bb4_4&#8243; _builder_version=\u00bb4.16&#8243; custom_padding=\u00bb|||\u00bb global_colors_info=\u00bb{}\u00bb custom_padding__hover=\u00bb|||\u00bb][et_pb_filterable_portfolio fullwidth=\u00bboff\u00bb posts_number=\u00bb8&#8243; _builder_version=\u00bb4.16&#8243; background_size=\u00bbinitial\u00bb background_position=\u00bbtop_left\u00bb background_repeat=\u00bbrepeat\u00bb use_border_color=\u00bboff\u00bb border_color=\u00bb#ffffff\u00bb border_width=\u00bb1px\u00bb border_style=\u00bbsolid\u00bb global_colors_info=\u00bb{}\u00bb][\/et_pb_filterable_portfolio][\/et_pb_column][\/et_pb_row][\/et_pb_section]<\/p>\n","protected":false},"excerpt":{"rendered":"<p>EN CONSTRUCCI\u00d3N EN CONSTRUCCI\u00d3N EN CONSTRUCCI\u00d3N<\/p>\n","protected":false},"author":1,"featured_media":0,"parent":0,"menu_order":0,"comment_status":"closed","ping_status":"closed","template":"","meta":{"_et_pb_use_builder":"on","_et_pb_old_content":"","_et_gb_content_width":"","footnotes":""},"class_list":["post-29340","page","type-page","status-publish","hentry"],"yoast_head":"<!-- This site is optimized with the Yoast SEO plugin v27.4 - https:\/\/yoast.com\/product\/yoast-seo-wordpress\/ -->\n<title>CARTERA - www.jo-well.com<\/title>\n<meta name=\"robots\" content=\"index, follow, max-snippet:-1, max-image-preview:large, max-video-preview:-1\" \/>\n<link rel=\"canonical\" href=\"https:\/\/jo-well.com\/portfolio\/\" \/>\n<meta property=\"og:locale\" content=\"es_ES\" \/>\n<meta property=\"og:type\" content=\"article\" \/>\n<meta property=\"og:title\" content=\"CARTERA - www.jo-well.com\" \/>\n<meta property=\"og:description\" content=\"EN CONSTRUCCI\u00d3N EN CONSTRUCCI\u00d3N EN CONSTRUCCI\u00d3N\" \/>\n<meta property=\"og:url\" content=\"https:\/\/jo-well.com\/portfolio\/\" \/>\n<meta property=\"og:site_name\" content=\"www.jo-well.com\" \/>\n<meta property=\"article:modified_time\" content=\"2024-07-26T15:17:01+00:00\" \/>\n<meta name=\"twitter:card\" content=\"summary_large_image\" \/>\n<meta name=\"twitter:label1\" content=\"Tiempo de lectura\" \/>\n\t<meta name=\"twitter:data1\" content=\"1 minuto\" \/>\n<script type=\"application\/ld+json\" class=\"yoast-schema-graph\">{\"@context\":\"https:\\\/\\\/schema.org\",\"@graph\":[{\"@type\":\"WebPage\",\"@id\":\"https:\\\/\\\/jo-well.com\\\/portfolio\\\/\",\"url\":\"https:\\\/\\\/jo-well.com\\\/portfolio\\\/\",\"name\":\"CARTERA - www.jo-well.com\",\"isPartOf\":{\"@id\":\"https:\\\/\\\/jo-well.com\\\/#website\"},\"datePublished\":\"2017-02-16T14:16:01+00:00\",\"dateModified\":\"2024-07-26T15:17:01+00:00\",\"breadcrumb\":{\"@id\":\"https:\\\/\\\/jo-well.com\\\/portfolio\\\/#breadcrumb\"},\"inLanguage\":\"es\",\"potentialAction\":[{\"@type\":\"ReadAction\",\"target\":[\"https:\\\/\\\/jo-well.com\\\/portfolio\\\/\"]}]},{\"@type\":\"BreadcrumbList\",\"@id\":\"https:\\\/\\\/jo-well.com\\\/portfolio\\\/#breadcrumb\",\"itemListElement\":[{\"@type\":\"ListItem\",\"position\":1,\"name\":\"Accueil\",\"item\":\"https:\\\/\\\/jo-well.com\\\/\"},{\"@type\":\"ListItem\",\"position\":2,\"name\":\"CARTERA\"}]},{\"@type\":\"WebSite\",\"@id\":\"https:\\\/\\\/jo-well.com\\\/#website\",\"url\":\"https:\\\/\\\/jo-well.com\\\/\",\"name\":\"www.jo-well.com\",\"description\":\"Jo-Well Center - Wellness\",\"potentialAction\":[{\"@type\":\"SearchAction\",\"target\":{\"@type\":\"EntryPoint\",\"urlTemplate\":\"https:\\\/\\\/jo-well.com\\\/?s={search_term_string}\"},\"query-input\":{\"@type\":\"PropertyValueSpecification\",\"valueRequired\":true,\"valueName\":\"search_term_string\"}}],\"inLanguage\":\"es\"}]}<\/script>\n<!-- \/ Yoast SEO plugin. -->","yoast_head_json":{"title":"CARTERA - www.jo-well.com","robots":{"index":"index","follow":"follow","max-snippet":"max-snippet:-1","max-image-preview":"max-image-preview:large","max-video-preview":"max-video-preview:-1"},"canonical":"https:\/\/jo-well.com\/portfolio\/","og_locale":"es_ES","og_type":"article","og_title":"CARTERA - www.jo-well.com","og_description":"EN CONSTRUCCI\u00d3N EN CONSTRUCCI\u00d3N EN CONSTRUCCI\u00d3N","og_url":"https:\/\/jo-well.com\/portfolio\/","og_site_name":"www.jo-well.com","article_modified_time":"2024-07-26T15:17:01+00:00","twitter_card":"summary_large_image","twitter_misc":{"Tiempo de lectura":"1 minuto"},"schema":{"@context":"https:\/\/schema.org","@graph":[{"@type":"WebPage","@id":"https:\/\/jo-well.com\/portfolio\/","url":"https:\/\/jo-well.com\/portfolio\/","name":"CARTERA - www.jo-well.com","isPartOf":{"@id":"https:\/\/jo-well.com\/#website"},"datePublished":"2017-02-16T14:16:01+00:00","dateModified":"2024-07-26T15:17:01+00:00","breadcrumb":{"@id":"https:\/\/jo-well.com\/portfolio\/#breadcrumb"},"inLanguage":"es","potentialAction":[{"@type":"ReadAction","target":["https:\/\/jo-well.com\/portfolio\/"]}]},{"@type":"BreadcrumbList","@id":"https:\/\/jo-well.com\/portfolio\/#breadcrumb","itemListElement":[{"@type":"ListItem","position":1,"name":"Accueil","item":"https:\/\/jo-well.com\/"},{"@type":"ListItem","position":2,"name":"CARTERA"}]},{"@type":"WebSite","@id":"https:\/\/jo-well.com\/#website","url":"https:\/\/jo-well.com\/","name":"www.jo-well.com","description":"Jo-Well Center - Wellness","potentialAction":[{"@type":"SearchAction","target":{"@type":"EntryPoint","urlTemplate":"https:\/\/jo-well.com\/?s={search_term_string}"},"query-input":{"@type":"PropertyValueSpecification","valueRequired":true,"valueName":"search_term_string"}}],"inLanguage":"es"}]}},"jetpack_sharing_enabled":true,"jetpack-related-posts":[],"_links":{"self":[{"href":"https:\/\/jo-well.com\/es\/wp-json\/wp\/v2\/pages\/29340","targetHints":{"allow":["GET"]}}],"collection":[{"href":"https:\/\/jo-well.com\/es\/wp-json\/wp\/v2\/pages"}],"about":[{"href":"https:\/\/jo-well.com\/es\/wp-json\/wp\/v2\/types\/page"}],"author":[{"embeddable":true,"href":"https:\/\/jo-well.com\/es\/wp-json\/wp\/v2\/users\/1"}],"replies":[{"embeddable":true,"href":"https:\/\/jo-well.com\/es\/wp-json\/wp\/v2\/comments?post=29340"}],"version-history":[{"count":4,"href":"https:\/\/jo-well.com\/es\/wp-json\/wp\/v2\/pages\/29340\/revisions"}],"predecessor-version":[{"id":29349,"href":"https:\/\/jo-well.com\/es\/wp-json\/wp\/v2\/pages\/29340\/revisions\/29349"}],"wp:attachment":[{"href":"https:\/\/jo-well.com\/es\/wp-json\/wp\/v2\/media?parent=29340"}],"curies":[{"name":"wp","href":"https:\/\/api.w.org\/{rel}","templated":true}]}}