{"id":29351,"date":"2017-02-16T09:17:12","date_gmt":"2017-02-16T14:17:12","guid":{"rendered":"https:\/\/jo-well.com\/contacto\/"},"modified":"2024-07-26T10:17:04","modified_gmt":"2024-07-26T15:17:04","slug":"contacto","status":"publish","type":"page","link":"https:\/\/jo-well.com\/es\/contacto\/","title":{"rendered":"CONTACTO"},"content":{"rendered":"<p>[et_pb_section fb_built=\u00bb1&#8243; admin_label=\u00bbsection\u00bb _builder_version=\u00bb4.17.4&#8243; custom_margin=\u00bb||0px||false|false\u00bb custom_padding=\u00bb||1px|||\u00bb transparent_background=\u00bboff\u00bb make_fullwidth=\u00bboff\u00bb use_custom_width=\u00bboff\u00bb width_unit=\u00bboff\u00bb custom_width_px=\u00bb1080px\u00bb custom_width_percent=\u00bb80%\u00bb global_colors_info=\u00bb{}\u00bb][et_pb_row column_structure=\u00bb1_2,1_2&#8243; use_custom_gutter=\u00bbon\u00bb gutter_width=\u00bb1&#8243; custom_padding_last_edited=\u00bbon|phone\u00bb admin_label=\u00bbfila\u00bb module_class=\u00bb et_pb_row_fullwidth\u00bb _builder_version=\u00bb4.17.4&#8243; background_size=\u00bbinitial\u00bb background_position=\u00bbtop_left\u00bb background_repeat=\u00bbrepeat\u00bb width=\u00bb100%\u00bb width_tablet=\u00bb100%\u00bb width_phone=\u00bb100%\u00bb width_last_edited=\u00bbon|desktop\u00bb max_width=\u00bb100%\u00bb max_width_tablet=\u00bb100%\u00bb max_width_phone=\u00bb100%\u00bb max_width_last_edited=\u00bbon|desktop\u00bb min_height=\u00bb495px\u00bb custom_margin=\u00bb|auto|0px|auto|false|false\u00bb custom_padding=\u00bb90px|90px|2px|90px||\u00bb custom_padding_tablet=\u00bb\u00bb custom_padding_phone=\u00bb90px|20px|30px|20px\u00bb make_fullwidth=\u00bbon\u00bb use_custom_width=\u00bboff\u00bb width_unit=\u00bboff\u00bb custom_width_px=\u00bb1080px\u00bb custom_width_percent=\u00bb80%\u00bb global_colors_info=\u00bb{}\u00bb][et_pb_column type=\u00bb1_2&#8243; _builder_version=\u00bb4.16&#8243; custom_padding=\u00bb|||\u00bb global_colors_info=\u00bb{}\u00bb custom_padding__hover=\u00bb|||\u00bb][et_pb_team_member name=\u00bbJOELLE FORESTIER\u00bb facebook_url=\u00bb#\u00bb twitter_url=\u00bb#\u00bb icon_color=\u00bb#333333&#8243; admin_label=\u00bbPerson\u00bb _builder_version=\u00bb4.17.4&#8243; header_font_size=\u00bb30px\u00bb header_line_height=\u00bb1.7em\u00bb body_font_size=\u00bb18px\u00bb background_size=\u00bbinitial\u00bb background_position=\u00bbtop_left\u00bb background_repeat=\u00bbrepeat\u00bb custom_margin=\u00bb|100px||100px\u00bb custom_margin_tablet=\u00bb|20px||20px\u00bb custom_margin_phone=\u00bb\u00bb custom_margin_last_edited=\u00bbon|phone\u00bb custom_padding=\u00bb40px|40px|40px|40px\u00bb hover_enabled=\u00bb0&#8243; border_width_all=\u00bb0px\u00bb border_color_all=\u00bb#edecec\u00bb border_style_all=\u00bbsolid\u00bb use_border_color=\u00bbon\u00bb border_color=\u00bb#edecec\u00bb border_style=\u00bbsolid\u00bb icon_hover_color=\u00bb#9f9f9f\u00bb global_colors_info=\u00bb{}\u00bb icon_color__hover=\u00bb#9f9f9f\u00bb icon_color__hover_enabled=\u00bbon\u00bb sticky_enabled=\u00bb0&#8243;]<\/p>\n<p class=\"font_2\"><span class=\"color_11\"><span>Jo Well Care<\/span><\/span><\/p>\n<p class=\"font_2\">c\/o Casa Fofo<br \/><span class=\"color_11\"><span><\/span><\/span><br \/>Calle Hacia Playa Ensenada San Carlos<\/p>\n<p class=\"font_2\"><span class=\"color_11\"><span>Tel\u00e9fono Panam\u00e1: <a dataquery=\"dGV4dExpbmtfbDRsc3FzZWQ=\">+507 6380 0076<\/a><\/span><\/span><\/p>\n<p class=\"font_2\"><span class=\"color_11\"><span>Correo electr\u00f3nico: <a dataquery=\"dGV4dExpbmtfbDRsc3Jnbzg=\">jo_well_care@yahoo.com<\/a><\/span><\/span><\/p>\n<p class=\"font_2\">\n<p>UNIQUEMENT SUR RENDEZ-VOUS BY APPOINTMENT ONLY CON CITA PREVIA<span class=\"color_11\"><span><\/span><\/span><\/p>\n<p class=\"font_2\">\n<p>[\/et_pb_team_member][et_pb_code admin_label=\u00bbC\u00f3digo\u00bb _builder_version=\u00bb4.16&#8243; global_colors_info=\u00bb{}\u00bb][\/et_pb_code][\/et_pb_column][et_pb_column type=\u00bb1_2&#8243; _builder_version=\u00bb4.16&#8243; custom_padding=\u00bb|||\u00bb global_colors_info=\u00bb{}\u00bb custom_padding__hover=\u00bb|||\u00bb][et_pb_team_member image_url=\u00bbhttps:\/\/jo-well.com\/wp-content\/uploads\/2022\/07\/Jo-contact-BEPIC-scaled.jpg\u00bb _builder_version=\u00bb4.17.4&#8243; _module_preset=\u00bbdefault\u00bb width=\u00bb27%\u00bb max_width=\u00bb45%\u00bb custom_margin=\u00bb62px||60px||false|false\u00bb custom_padding=\u00bb||2px|||\u00bb global_colors_info=\u00bb{}\u00bb][\/et_pb_team_member][\/et_pb_column][\/et_pb_row][\/et_pb_section]<\/p>\n","protected":false},"excerpt":{"rendered":"<p>Jo Well Care c\/o Casa FofoCalle Hacia Playa Ensenada San Carlos Tel\u00e9fono Panam\u00e1: +507 6380 0076 Correo electr\u00f3nico: jo_well_care@yahoo.com UNIQUEMENT SUR RENDEZ-VOUS BY APPOINTMENT ONLY CON CITA PREVIA<\/p>\n","protected":false},"author":1,"featured_media":0,"parent":0,"menu_order":0,"comment_status":"closed","ping_status":"closed","template":"","meta":{"_et_pb_use_builder":"on","_et_pb_old_content":"","_et_gb_content_width":"","footnotes":""},"class_list":["post-29351","page","type-page","status-publish","hentry"],"_links":{"self":[{"href":"https:\/\/jo-well.com\/es\/wp-json\/wp\/v2\/pages\/29351","targetHints":{"allow":["GET"]}}],"collection":[{"href":"https:\/\/jo-well.com\/es\/wp-json\/wp\/v2\/pages"}],"about":[{"href":"https:\/\/jo-well.com\/es\/wp-json\/wp\/v2\/types\/page"}],"author":[{"embeddable":true,"href":"https:\/\/jo-well.com\/es\/wp-json\/wp\/v2\/users\/1"}],"replies":[{"embeddable":true,"href":"https:\/\/jo-well.com\/es\/wp-json\/wp\/v2\/comments?post=29351"}],"version-history":[{"count":1,"href":"https:\/\/jo-well.com\/es\/wp-json\/wp\/v2\/pages\/29351\/revisions"}],"predecessor-version":[{"id":29354,"href":"https:\/\/jo-well.com\/es\/wp-json\/wp\/v2\/pages\/29351\/revisions\/29354"}],"wp:attachment":[{"href":"https:\/\/jo-well.com\/es\/wp-json\/wp\/v2\/media?parent=29351"}],"curies":[{"name":"wp","href":"https:\/\/api.w.org\/{rel}","templated":true}]}}