{"id":29512,"date":"2024-07-02T03:15:05","date_gmt":"2024-07-02T08:15:05","guid":{"rendered":"https:\/\/jo-well.com\/cuidado\/sonoterapia-con-diapason\/"},"modified":"2024-07-26T10:18:46","modified_gmt":"2024-07-26T15:18:46","slug":"sonoterapia-con-diapason","status":"publish","type":"page","link":"https:\/\/jo-well.com\/es\/cuidado\/sonoterapia-con-diapason\/","title":{"rendered":"SONOTERAPIA CON DIAPAS\u00d3N"},"content":{"rendered":"<p>[et_pb_section fb_built=\u00bb1&#8243; _builder_version=\u00bb4.25.2&#8243; _module_preset=\u00bbdefault\u00bb background_color=\u00bb#fcb394&#8243; global_colors_info=\u00bb{}\u00bb][et_pb_row column_structure=\u00bb1_3,1_3,1_3&#8243; _builder_version=\u00bb4.25.2&#8243; _module_preset=\u00bbdefault\u00bb global_colors_info=\u00bb{}\u00bb][et_pb_column type=\u00bb1_3&#8243; _builder_version=\u00bb4.25.2&#8243; _module_preset=\u00bbdefault\u00bb global_colors_info=\u00bb{}\u00bb][et_pb_image src=\u00bbhttps:\/\/jo-well.com\/wp-content\/uploads\/2024\/06\/Soins-energetiques-quantiques-et-vibratoires.tiff\u00bb title_text=\u00bbTratamientos energ\u00e9ticos, cu\u00e1nticos y vibracionales\u00bb align=\u00bbcenter\u00bb _builder_version=\u00bb4.25.2&#8243; _module_preset=\u00bbdefault\u00bb max_height=\u00bb488px\u00bb border_radii=\u00bbon|300px|300px|300px|300px\u00bb global_colors_info=\u00bb{}\u00bb][\/et_pb_image][\/et_pb_column][et_pb_column type=\u00bb1_3&#8243; _builder_version=\u00bb4.25.2&#8243; _module_preset=\u00bbdefault\u00bb global_colors_info=\u00bb{}\u00bb][et_pb_text _builder_version=\u00bb4.25.2&#8243; _module_preset=\u00bbdefault\u00bb text_text_color=\u00bb#000000&#8243; text_font_size=\u00bb20px\u00bb text_orientation=\u00bbcenter\u00bb custom_margin=\u00bb148px||||false|false\u00bb hover_enabled=\u00bb0&#8243; global_colors_info=\u00bb{}\u00bb sticky_enabled=\u00bb0&#8243;]<\/p>\n<p style=\"text-align: center;\"><strong>SONOTERAPIA CON DIAPAS\u00d3N<\/strong><\/p>\n<p>[\/et_pb_text][\/et_pb_column][et_pb_column type=\u00bb1_3&#8243; _builder_version=\u00bb4.25.2&#8243; _module_preset=\u00bbdefault\u00bb global_colors_info=\u00bb{}\u00bb][et_pb_image src=\u00bbhttps:\/\/jo-well.com\/wp-content\/uploads\/2024\/07\/Image-diapasons-copie.png\u00bb title_text=\u00bbDiapasones de im\u00e1genes &#8211; copia\u00bb align=\u00bbcenter\u00bb _builder_version=\u00bb4.25.2&#8243; _module_preset=\u00bbdefault\u00bb hover_enabled=\u00bb0&#8243; border_radii=\u00bbon|303px|303px|303px|303px\u00bb global_colors_info=\u00bb{}\u00bb sticky_enabled=\u00bb0&#8243; custom_padding=\u00bb|||0px||\u00bb custom_margin=\u00bb||56px|||\u00bb min_height=\u00bb320px\u00bb][\/et_pb_image][\/et_pb_column][\/et_pb_row][\/et_pb_section][et_pb_section fb_built=\u00bb1&#8243; _builder_version=\u00bb4.25.2&#8243; _module_preset=\u00bbdefault\u00bb background_color=\u00bb#fcb394&#8243; global_colors_info=\u00bb{}\u00bb][et_pb_row _builder_version=\u00bb4.25.2&#8243; _module_preset=\u00bbdefault\u00bb global_colors_info=\u00bb{}\u00bb][et_pb_column type=\u00bb4_4&#8243; _builder_version=\u00bb4.25.2&#8243; _module_preset=\u00bbdefault\u00bb global_colors_info=\u00bb{}\u00bb][et_pb_text _builder_version=\u00bb4.25.2&#8243; _module_preset=\u00bbdefault\u00bb text_text_color=\u00bb#000000&#8243; text_font_size=\u00bb16px\u00bb text_line_height=\u00bb1.8em\u00bb module_alignment=\u00bbcenter\u00bb hover_enabled=\u00bb0&#8243; global_colors_info=\u00bb{}\u00bb sticky_enabled=\u00bb0&#8243;]<\/p>\n<h3><strong>Terapia de sonido con diapas\u00f3n<\/strong><\/h3>\n<p><strong>Definici\u00f3n:<\/strong> La sonoterapia con diapasones es una pr\u00e1ctica que utiliza las vibraciones y sonidos producidos por diapasones sintonizados con frecuencias espec\u00edficas para equilibrar la energ\u00eda, reducir el estr\u00e9s y promover el bienestar f\u00edsico, emocional y mental.<\/p>\n<h3><strong>Principios b\u00e1sicos :<\/strong><\/h3>\n<ul>\n<li><strong>Vibraciones y frecuencias<\/strong>: los diapasones emiten vibraciones a frecuencias precisas cuando se golpean.<br \/>\nEstas vibraciones pueden aplicarse sobre el cuerpo o cerca de \u00e9l para estimular zonas concretas. <\/li>\n<li><strong>Equilibrio energ\u00e9tico<\/strong>: Esta pr\u00e1ctica se basa en la idea de que las vibraciones pueden ayudar a reequilibrar los campos energ\u00e9ticos del cuerpo.<\/li>\n<li><strong>Reducci\u00f3n del estr\u00e9s<\/strong>: Los sonidos y las vibraciones inducen un estado de relajaci\u00f3n profunda, ayudando a reducir el estr\u00e9s y la ansiedad.<\/li>\n<li><strong>Bienestar f\u00edsico<\/strong>: Los diapasones se utilizan para aliviar el dolor, relajar los m\u00fasculos, mejorar la circulaci\u00f3n sangu\u00ednea y favorecer la recuperaci\u00f3n.<\/li>\n<\/ul>\n<h3><strong>M\u00e9todo :<\/strong><\/h3>\n<ol>\n<li><strong>Elecci\u00f3n de diapasones<\/strong>: Los diapasones espec\u00edficos se eligen en funci\u00f3n de las necesidades, ya que cada frecuencia tiene efectos distintos.<\/li>\n<li><strong>Aplicaci\u00f3n<\/strong>: Los diapasones se golpean para producir una vibraci\u00f3n sonora y luego se colocan en puntos espec\u00edficos del cuerpo, a menudo puntos de acupuntura o chakras, o cerca de la persona para permitir que las vibraciones se propaguen.<\/li>\n<li><strong>Duraci\u00f3n<\/strong>: La duraci\u00f3n de las sesiones puede variar, generalmente entre 15 minutos y una hora, en funci\u00f3n de las necesidades y los objetivos.<\/li>\n<\/ol>\n<p>Esta pr\u00e1ctica se utiliza como m\u00e9todo alternativo para fomentar la relajaci\u00f3n y el bienestar general.<\/p>\n<p>&nbsp;<\/p>\n<p>[\/et_pb_text][\/et_pb_column][\/et_pb_row][\/et_pb_section]<\/p>\n","protected":false},"excerpt":{"rendered":"<p>SONOTERAPIA CON DIAPAS\u00d3NTerapia de sonido con diapas\u00f3n Definici\u00f3n: La sonoterapia con diapasones es una pr\u00e1ctica que utiliza las vibraciones y sonidos producidos por diapasones sintonizados con frecuencias espec\u00edficas para equilibrar la energ\u00eda, reducir el estr\u00e9s y promover el bienestar f\u00edsico, emocional y mental. Principios b\u00e1sicos : Vibraciones y frecuencias: los diapasones emiten vibraciones a frecuencias [&hellip;]<\/p>\n","protected":false},"author":1,"featured_media":0,"parent":29331,"menu_order":2,"comment_status":"closed","ping_status":"closed","template":"","meta":{"_et_pb_use_builder":"on","_et_pb_old_content":"","_et_gb_content_width":"","footnotes":""},"class_list":["post-29512","page","type-page","status-publish","hentry"],"_links":{"self":[{"href":"https:\/\/jo-well.com\/es\/wp-json\/wp\/v2\/pages\/29512","targetHints":{"allow":["GET"]}}],"collection":[{"href":"https:\/\/jo-well.com\/es\/wp-json\/wp\/v2\/pages"}],"about":[{"href":"https:\/\/jo-well.com\/es\/wp-json\/wp\/v2\/types\/page"}],"author":[{"embeddable":true,"href":"https:\/\/jo-well.com\/es\/wp-json\/wp\/v2\/users\/1"}],"replies":[{"embeddable":true,"href":"https:\/\/jo-well.com\/es\/wp-json\/wp\/v2\/comments?post=29512"}],"version-history":[{"count":6,"href":"https:\/\/jo-well.com\/es\/wp-json\/wp\/v2\/pages\/29512\/revisions"}],"predecessor-version":[{"id":29523,"href":"https:\/\/jo-well.com\/es\/wp-json\/wp\/v2\/pages\/29512\/revisions\/29523"}],"up":[{"embeddable":true,"href":"https:\/\/jo-well.com\/es\/wp-json\/wp\/v2\/pages\/29331"}],"wp:attachment":[{"href":"https:\/\/jo-well.com\/es\/wp-json\/wp\/v2\/media?parent=29512"}],"curies":[{"name":"wp","href":"https:\/\/api.w.org\/{rel}","templated":true}]}}