{"id":29520,"date":"2024-07-01T12:41:42","date_gmt":"2024-07-01T17:41:42","guid":{"rendered":"https:\/\/jo-well.com\/cuidado\/los-5-elementos\/"},"modified":"2024-07-26T10:18:46","modified_gmt":"2024-07-26T15:18:46","slug":"los-5-elementos","status":"publish","type":"page","link":"https:\/\/jo-well.com\/es\/cuidado\/los-5-elementos\/","title":{"rendered":"LOS 5 ELEMENTOS"},"content":{"rendered":"<p>[et_pb_section fb_built=\u00bb1&#8243; _builder_version=\u00bb4.25.2&#8243; _module_preset=\u00bbdefault\u00bb background_color=\u00bb#fcb394&#8243; global_colors_info=\u00bb{}\u00bb][et_pb_row _builder_version=\u00bb4.25.2&#8243; _module_preset=\u00bbdefault\u00bb global_colors_info=\u00bb{}\u00bb column_structure=\u00bb1_3,1_3,1_3&#8243;][et_pb_column type=\u00bb1_3&#8243; _builder_version=\u00bb4.25.2&#8243; _module_preset=\u00bbdefault\u00bb global_colors_info=\u00bb{}\u00bb][et_pb_image src=\u00bbhttps:\/\/jo-well.com\/wp-content\/uploads\/2024\/06\/Soins-energetiques-quantiques-et-vibratoires.tiff\u00bb title_text=\u00bbTratamientos energ\u00e9ticos, cu\u00e1nticos y vibracionales\u00bb align=\u00bbcenter\u00bb _builder_version=\u00bb4.25.2&#8243; _module_preset=\u00bbdefault\u00bb max_height=\u00bb488px\u00bb border_radii=\u00bbon|300px|300px|300px|300px\u00bb global_colors_info=\u00bb{}\u00bb][\/et_pb_image][\/et_pb_column][et_pb_column type=\u00bb1_3&#8243; _builder_version=\u00bb4.25.2&#8243; _module_preset=\u00bbdefault\u00bb global_colors_info=\u00bb{}\u00bb][et_pb_text _builder_version=\u00bb4.25.2&#8243; _module_preset=\u00bbdefault\u00bb text_text_color=\u00bb#000000&#8243; text_font_size=\u00bb20px\u00bb text_orientation=\u00bbcenter\u00bb hover_enabled=\u00bb0&#8243; sticky_enabled=\u00bb0&#8243; custom_margin=\u00bb148px||||false|false\u00bb]<\/p>\n<p style=\"text-align: center;\"><strong>LOS 5 ELEMENTOS<\/strong><\/p>\n<p>[\/et_pb_text][\/et_pb_column][et_pb_column type=\u00bb1_3&#8243; _builder_version=\u00bb4.25.2&#8243; _module_preset=\u00bbdefault\u00bb global_colors_info=\u00bb{}\u00bb][et_pb_image src=\u00bbhttps:\/\/jo-well.com\/wp-content\/uploads\/2024\/07\/5-elements-logo.jpeg\u00bb _builder_version=\u00bb4.25.2&#8243; _module_preset=\u00bbdefault\u00bb title_text=\u00bb5 elementos del logotipo\u00bb border_radii=\u00bbon|173px|173px|173px|173px\u00bb align=\u00bbcenter\u00bb hover_enabled=\u00bb0&#8243; sticky_enabled=\u00bb0&#8243;][\/et_pb_image][\/et_pb_column][\/et_pb_row][\/et_pb_section][et_pb_section fb_built=\u00bb1&#8243; _builder_version=\u00bb4.25.2&#8243; _module_preset=\u00bbdefault\u00bb background_color=\u00bb#fcb394&#8243; global_colors_info=\u00bb{}\u00bb][et_pb_row _builder_version=\u00bb4.25.2&#8243; _module_preset=\u00bbdefault\u00bb global_colors_info=\u00bb{}\u00bb][et_pb_column type=\u00bb4_4&#8243; _builder_version=\u00bb4.25.2&#8243; _module_preset=\u00bbdefault\u00bb global_colors_info=\u00bb{}\u00bb][et_pb_text _builder_version=\u00bb4.25.2&#8243; _module_preset=\u00bbdefault\u00bb text_text_color=\u00bb#000000&#8243; text_font_size=\u00bb16px\u00bb text_line_height=\u00bb1.8em\u00bb module_alignment=\u00bbcenter\u00bb hover_enabled=\u00bb0&#8243; global_colors_info=\u00bb{}\u00bb sticky_enabled=\u00bb0&#8243;]<\/p>\n<p style=\"font-weight: 400;\"><strong>Los 5 elementos (agua, aire, tierra, fuego y \u00e9ter)<\/strong><\/p>\n<p style=\"font-weight: 400;\"><strong>Definici\u00f3n:<\/strong> Los 5 elementos son conceptos fundamentales presentes en diversas tradiciones filos\u00f3ficas y culturales, que representan las distintas fuerzas o esencias que componen el universo y la naturaleza.<\/p>\n<p style=\"font-weight: 400;\"><strong>Principios b\u00e1sicos :<\/strong><\/p>\n<ul style=\"font-weight: 400;\">\n<li><strong>Agua<\/strong>: Representa la fluidez, la adaptabilidad, la emoci\u00f3n y la purificaci\u00f3n.<br \/>\nSe asocia a las cualidades de frescura y movimiento. <\/li>\n<li><strong>Aire<\/strong>: Simboliza el movimiento, la ligereza, la comunicaci\u00f3n y el pensamiento.<br \/>\nEl aire est\u00e1 relacionado con la respiraci\u00f3n y la vitalidad. <\/li>\n<li><strong>Tierra<\/strong>: Encarna la solidez, la estabilidad, la seguridad y el crecimiento.<br \/>\nEst\u00e1 relacionada con los aspectos materiales y f\u00edsicos de la vida. <\/li>\n<li><strong>Fuego<\/strong>: Representa la energ\u00eda, la transformaci\u00f3n, la pasi\u00f3n y la voluntad.<br \/>\nEl fuego se asocia con el calor y la luz. <\/li>\n<li><strong>\u00c9ter<\/strong>: Tambi\u00e9n llamado espacio o akasha, simboliza el vac\u00edo, el infinito, la conexi\u00f3n espiritual y la esencia sutil de la existencia.<br \/>\nEl \u00e9ter es el elemento m\u00e1s sutil e inmaterial. <\/li>\n<\/ul>\n<p style=\"font-weight: 400;\"><strong>C\u00f3mo utilizar :<\/strong><\/p>\n<ol style=\"font-weight: 400;\">\n<li><strong>Filosof\u00eda y cosmolog\u00eda<\/strong>: Los 5 elementos se utilizan a menudo para explicar la composici\u00f3n y las interacciones del universo, mostrando c\u00f3mo las fuerzas fundamentales se combinan para crear la realidad.<\/li>\n<li><strong>Medicina y bienestar<\/strong>: En ciertas tradiciones, como la medicina tradicional china y el ayurveda, los 5 elementos se utilizan para comprender el cuerpo humano y su funcionamiento, y para mantener el equilibrio y la armon\u00eda.<\/li>\n<li><strong>Pr\u00e1cticas espirituales<\/strong>: Los elementos se invocan en diversas pr\u00e1cticas y rituales espirituales para simbolizar distintos aspectos de la experiencia humana y de la naturaleza, ayudando a la meditaci\u00f3n y la contemplaci\u00f3n.<\/li>\n<li><strong>Alquimia y magia<\/strong>: En la alquimia y en ciertas tradiciones esot\u00e9ricas, los elementos se consideran componentes esenciales en la transformaci\u00f3n y transmutaci\u00f3n de la materia y el esp\u00edritu.<\/li>\n<\/ol>\n<p style=\"font-weight: 400;\">Los 5 elementos son conceptos universales que nos permiten comprender y relacionar los distintos aspectos de la vida, la naturaleza y el universo.<\/p>\n<p style=\"font-weight: 400;\"><span><strong> <\/strong><\/span><\/p>\n<p>[\/et_pb_text][\/et_pb_column][\/et_pb_row][\/et_pb_section]<\/p>\n","protected":false},"excerpt":{"rendered":"<p>LOS 5 ELEMENTOSLos 5 elementos (agua, aire, tierra, fuego y \u00e9ter) Definici\u00f3n: Los 5 elementos son conceptos fundamentales presentes en diversas tradiciones filos\u00f3ficas y culturales, que representan las distintas fuerzas o esencias que componen el universo y la naturaleza. Principios b\u00e1sicos : Agua: Representa la fluidez, la adaptabilidad, la emoci\u00f3n y la purificaci\u00f3n. Se asocia [&hellip;]<\/p>\n","protected":false},"author":1,"featured_media":0,"parent":29331,"menu_order":2,"comment_status":"closed","ping_status":"closed","template":"","meta":{"_et_pb_use_builder":"on","_et_pb_old_content":"","_et_gb_content_width":"","footnotes":""},"class_list":["post-29520","page","type-page","status-publish","hentry"],"_links":{"self":[{"href":"https:\/\/jo-well.com\/es\/wp-json\/wp\/v2\/pages\/29520","targetHints":{"allow":["GET"]}}],"collection":[{"href":"https:\/\/jo-well.com\/es\/wp-json\/wp\/v2\/pages"}],"about":[{"href":"https:\/\/jo-well.com\/es\/wp-json\/wp\/v2\/types\/page"}],"author":[{"embeddable":true,"href":"https:\/\/jo-well.com\/es\/wp-json\/wp\/v2\/users\/1"}],"replies":[{"embeddable":true,"href":"https:\/\/jo-well.com\/es\/wp-json\/wp\/v2\/comments?post=29520"}],"version-history":[{"count":1,"href":"https:\/\/jo-well.com\/es\/wp-json\/wp\/v2\/pages\/29520\/revisions"}],"predecessor-version":[{"id":29525,"href":"https:\/\/jo-well.com\/es\/wp-json\/wp\/v2\/pages\/29520\/revisions\/29525"}],"up":[{"embeddable":true,"href":"https:\/\/jo-well.com\/es\/wp-json\/wp\/v2\/pages\/29331"}],"wp:attachment":[{"href":"https:\/\/jo-well.com\/es\/wp-json\/wp\/v2\/media?parent=29520"}],"curies":[{"name":"wp","href":"https:\/\/api.w.org\/{rel}","templated":true}]}}